{"id":19,"date":"2019-12-14T11:12:16","date_gmt":"2019-12-14T11:12:16","guid":{"rendered":"https:\/\/sad-hist.ch\/wordpress\/?page_id=19"},"modified":"2026-02-24T17:14:33","modified_gmt":"2026-02-24T17:14:33","slug":"willkommen","status":"publish","type":"page","link":"https:\/\/sad-hist.ch\/","title":{"rendered":"WILLKOMMEN!"},"content":{"rendered":"\n<p class=\"has-large-font-size\">Liebe Sch\u00fclerinnen und Sch\u00fcler<\/p>\n\n\n\n<p>Hier finden Sie erg\u00e4nzende Informationen zu meinem Unterricht. Die Idee ist, zusammen mit Ihnen einfache Texte zu verfassen, in welchen die wichtigsten Zusammenh\u00e4nge des im Unterricht Gebotenen festghalten werden. <\/p>\n\n\n\n<p>Zudem sollen Links zu aktuellen Beitr\u00e4gen, welche im Zusammenhang mit verschiedenen Unterrichtsthemen stehen, angezeigt werden.<\/p>\n\n\n\n<p>Beachten Sie bitte, dass sich diese Seite im Aufbau befindet. Kritik und Anregungen nehme ich gerne entgegen!<\/p>\n\n\n\n<p>Daniel Sarbach<\/p>\n","protected":false},"excerpt":{"rendered":"<p>Liebe Sch\u00fclerinnen und Sch\u00fcler Hier finden Sie erg\u00e4nzende Informationen zu meinem Unterricht. Die Idee ist, zusammen mit Ihnen einfache Texte zu verfassen, in welchen die wichtigsten Zusammenh\u00e4nge des im Unterricht Gebotenen festghalten werden. Zudem sollen Links zu aktuellen Beitr\u00e4gen, welche im Zusammenhang mit verschiedenen Unterrichtsthemen stehen, angezeigt werden. Beachten Sie bitte, dass sich diese Seite [&hellip;]<\/p>\n","protected":false},"author":1,"featured_media":0,"parent":0,"menu_order":0,"comment_status":"closed","ping_status":"closed","template":"","meta":{"pgc_sgb_lightbox_settings":"","footnotes":""},"class_list":["post-19","page","type-page","status-publish","hentry"],"yoast_head":"<!-- This site is optimized with the Yoast SEO plugin v27.4 - https:\/\/yoast.com\/product\/yoast-seo-wordpress\/ -->\n<title>WILLKOMMEN! - sad-hist.ch<\/title>\n<meta name=\"robots\" content=\"noindex, follow, max-snippet:-1, max-image-preview:large, max-video-preview:-1\" \/>\n<meta property=\"og:locale\" content=\"de_DE\" \/>\n<meta property=\"og:type\" content=\"article\" \/>\n<meta property=\"og:title\" content=\"WILLKOMMEN! - sad-hist.ch\" \/>\n<meta property=\"og:description\" content=\"Liebe Sch\u00fclerinnen und Sch\u00fcler Hier finden Sie erg\u00e4nzende Informationen zu meinem Unterricht. Die Idee ist, zusammen mit Ihnen einfache Texte zu verfassen, in welchen die wichtigsten Zusammenh\u00e4nge des im Unterricht Gebotenen festghalten werden. Zudem sollen Links zu aktuellen Beitr\u00e4gen, welche im Zusammenhang mit verschiedenen Unterrichtsthemen stehen, angezeigt werden. Beachten Sie bitte, dass sich diese Seite [&hellip;]\" \/>\n<meta property=\"og:url\" content=\"https:\/\/sad-hist.ch\/\" \/>\n<meta property=\"og:site_name\" content=\"sad-hist.ch\" \/>\n<meta property=\"article:modified_time\" content=\"2026-02-24T17:14:33+00:00\" \/>\n<meta name=\"twitter:card\" content=\"summary_large_image\" \/>\n<meta name=\"twitter:label1\" content=\"Gesch\u00e4tzte Lesezeit\" \/>\n\t<meta name=\"twitter:data1\" content=\"1\u00a0Minute\" \/>\n<script type=\"application\/ld+json\" class=\"yoast-schema-graph\">{\"@context\":\"https:\\\/\\\/schema.org\",\"@graph\":[{\"@type\":\"WebPage\",\"@id\":\"https:\\\/\\\/sad-hist.ch\\\/\",\"url\":\"https:\\\/\\\/sad-hist.ch\\\/\",\"name\":\"WILLKOMMEN! - sad-hist.ch\",\"isPartOf\":{\"@id\":\"https:\\\/\\\/sad-hist.ch\\\/#website\"},\"datePublished\":\"2019-12-14T11:12:16+00:00\",\"dateModified\":\"2026-02-24T17:14:33+00:00\",\"breadcrumb\":{\"@id\":\"https:\\\/\\\/sad-hist.ch\\\/#breadcrumb\"},\"inLanguage\":\"de-CH\",\"potentialAction\":[{\"@type\":\"ReadAction\",\"target\":[\"https:\\\/\\\/sad-hist.ch\\\/\"]}]},{\"@type\":\"BreadcrumbList\",\"@id\":\"https:\\\/\\\/sad-hist.ch\\\/#breadcrumb\",\"itemListElement\":[{\"@type\":\"ListItem\",\"position\":1,\"name\":\"Home\",\"item\":\"https:\\\/\\\/sad-hist.ch\\\/\"},{\"@type\":\"ListItem\",\"position\":2,\"name\":\"WILLKOMMEN!\"}]},{\"@type\":\"WebSite\",\"@id\":\"https:\\\/\\\/sad-hist.ch\\\/#website\",\"url\":\"https:\\\/\\\/sad-hist.ch\\\/\",\"name\":\"sad-hist.ch\",\"description\":\"einfach Geschichte\",\"potentialAction\":[{\"@type\":\"SearchAction\",\"target\":{\"@type\":\"EntryPoint\",\"urlTemplate\":\"https:\\\/\\\/sad-hist.ch\\\/?s={search_term_string}\"},\"query-input\":{\"@type\":\"PropertyValueSpecification\",\"valueRequired\":true,\"valueName\":\"search_term_string\"}}],\"inLanguage\":\"de-CH\"}]}<\/script>\n<!-- \/ Yoast SEO plugin. -->","yoast_head_json":{"title":"WILLKOMMEN! - sad-hist.ch","robots":{"index":"noindex","follow":"follow","max-snippet":"max-snippet:-1","max-image-preview":"max-image-preview:large","max-video-preview":"max-video-preview:-1"},"og_locale":"de_DE","og_type":"article","og_title":"WILLKOMMEN! - sad-hist.ch","og_description":"Liebe Sch\u00fclerinnen und Sch\u00fcler Hier finden Sie erg\u00e4nzende Informationen zu meinem Unterricht. Die Idee ist, zusammen mit Ihnen einfache Texte zu verfassen, in welchen die wichtigsten Zusammenh\u00e4nge des im Unterricht Gebotenen festghalten werden. Zudem sollen Links zu aktuellen Beitr\u00e4gen, welche im Zusammenhang mit verschiedenen Unterrichtsthemen stehen, angezeigt werden. Beachten Sie bitte, dass sich diese Seite [&hellip;]","og_url":"https:\/\/sad-hist.ch\/","og_site_name":"sad-hist.ch","article_modified_time":"2026-02-24T17:14:33+00:00","twitter_card":"summary_large_image","twitter_misc":{"Gesch\u00e4tzte Lesezeit":"1\u00a0Minute"},"schema":{"@context":"https:\/\/schema.org","@graph":[{"@type":"WebPage","@id":"https:\/\/sad-hist.ch\/","url":"https:\/\/sad-hist.ch\/","name":"WILLKOMMEN! - sad-hist.ch","isPartOf":{"@id":"https:\/\/sad-hist.ch\/#website"},"datePublished":"2019-12-14T11:12:16+00:00","dateModified":"2026-02-24T17:14:33+00:00","breadcrumb":{"@id":"https:\/\/sad-hist.ch\/#breadcrumb"},"inLanguage":"de-CH","potentialAction":[{"@type":"ReadAction","target":["https:\/\/sad-hist.ch\/"]}]},{"@type":"BreadcrumbList","@id":"https:\/\/sad-hist.ch\/#breadcrumb","itemListElement":[{"@type":"ListItem","position":1,"name":"Home","item":"https:\/\/sad-hist.ch\/"},{"@type":"ListItem","position":2,"name":"WILLKOMMEN!"}]},{"@type":"WebSite","@id":"https:\/\/sad-hist.ch\/#website","url":"https:\/\/sad-hist.ch\/","name":"sad-hist.ch","description":"einfach Geschichte","potentialAction":[{"@type":"SearchAction","target":{"@type":"EntryPoint","urlTemplate":"https:\/\/sad-hist.ch\/?s={search_term_string}"},"query-input":{"@type":"PropertyValueSpecification","valueRequired":true,"valueName":"search_term_string"}}],"inLanguage":"de-CH"}]}},"_links":{"self":[{"href":"https:\/\/sad-hist.ch\/index.php?rest_route=\/wp\/v2\/pages\/19","targetHints":{"allow":["GET"]}}],"collection":[{"href":"https:\/\/sad-hist.ch\/index.php?rest_route=\/wp\/v2\/pages"}],"about":[{"href":"https:\/\/sad-hist.ch\/index.php?rest_route=\/wp\/v2\/types\/page"}],"author":[{"embeddable":true,"href":"https:\/\/sad-hist.ch\/index.php?rest_route=\/wp\/v2\/users\/1"}],"replies":[{"embeddable":true,"href":"https:\/\/sad-hist.ch\/index.php?rest_route=%2Fwp%2Fv2%2Fcomments&post=19"}],"version-history":[{"count":39,"href":"https:\/\/sad-hist.ch\/index.php?rest_route=\/wp\/v2\/pages\/19\/revisions"}],"predecessor-version":[{"id":2406,"href":"https:\/\/sad-hist.ch\/index.php?rest_route=\/wp\/v2\/pages\/19\/revisions\/2406"}],"wp:attachment":[{"href":"https:\/\/sad-hist.ch\/index.php?rest_route=%2Fwp%2Fv2%2Fmedia&parent=19"}],"curies":[{"name":"wp","href":"https:\/\/api.w.org\/{rel}","templated":true}]}}