{"id":2106,"date":"2022-08-29T13:20:48","date_gmt":"2022-08-29T13:20:48","guid":{"rendered":"https:\/\/sad-hist.ch\/?page_id=2106"},"modified":"2026-02-24T17:03:47","modified_gmt":"2026-02-24T17:03:47","slug":"urspruenge-der-eidgenossenschaft","status":"publish","type":"page","link":"https:\/\/sad-hist.ch\/?page_id=2106","title":{"rendered":"Urspr\u00fcnge der Alten Eidgenossenschaft"},"content":{"rendered":"\n<figure class=\"wp-block-image size-large is-style-rounded\"><img loading=\"lazy\" decoding=\"async\" width=\"1024\" height=\"669\" src=\"https:\/\/sad-hist.ch\/wp-content\/uploads\/2022\/08\/1280px-Bundesbrief2-1024x669.jpg\" alt=\"\" class=\"wp-image-2118\" srcset=\"https:\/\/sad-hist.ch\/wp-content\/uploads\/2022\/08\/1280px-Bundesbrief2-1024x669.jpg 1024w, https:\/\/sad-hist.ch\/wp-content\/uploads\/2022\/08\/1280px-Bundesbrief2-300x196.jpg 300w, https:\/\/sad-hist.ch\/wp-content\/uploads\/2022\/08\/1280px-Bundesbrief2-768x502.jpg 768w, https:\/\/sad-hist.ch\/wp-content\/uploads\/2022\/08\/1280px-Bundesbrief2.jpg 1280w\" sizes=\"auto, (max-width: 1024px) 100vw, 1024px\" \/><figcaption class=\"wp-element-caption\">Der Bundesbrief von 1291<\/figcaption><\/figure>\n\n\n\n<h2 class=\"wp-block-heading\">Die Landfriedensb\u00fcndnisse<\/h2>\n\n\n\n<p>Im Hochmittelalter werden auf dem Gebiet der heutigen Schweiz St\u00e4dte wie Bern, Burgdorf usw. neu gegr\u00fcndet oder \u00e4ltere St\u00e4dte wie Z\u00fcrich oder Basel gewinnen an Macht und Einfluss.  Die St\u00e4dte erreichen meist ihre Unabh\u00e4ngigkeit von Stadtgr\u00fcndern und werden sog. &#171;<em>reichsunmittelbar<\/em>&#171;, d.h. sie sind nur noch dem K\u00f6nig  unterstellt und defacto unabh\u00e4ngig. Sie versuchen ihren Einfluss und Macht zu vergr\u00f6ssern, indem sie ihr Umland unter ihre Herrschaft bringen (Stadtstaaten). Auf dem Land entwickeln sich sog. &#171;<em>Landorte<\/em>&#171;, welche von einer Oberschicht regiert werden. Die Landorte schliessen sich im Sp\u00e4tmittelalter mit teilweise mit andern Landorten oder St\u00e4dten in sog. &#171;<em>Landfriedensb\u00fcndnissen<\/em>&#187; zusammen, um sich gegenseitig zu sch\u00fctzen. Diese B\u00fcndnisse werden meist mit einem Eid best\u00e4tigt, daher stammt der Name &#171;Eidgenossenschaft&#187;. Neben dem Bundesbrief von 1291 gab es in dieser Zeit \u00fcber 80 verschiedene Landfriedensb\u00fcndnisse.<\/p>\n\n\n\n<h2 class=\"wp-block-heading\">Der Bundesbrief von 1291<\/h2>\n\n\n\n<ol class=\"has-vivid-purple-color has-text-color has-background wp-block-list\" style=\"background-color:#f9f9f9\"><li>Lesen sie die \u00dcbersetzung und Zusammenfassung des Bundesbriefes von 1291 (M3, S. 209)<\/li><li>Zeigen Sie auf, dass es sich beim B\u00fcndnis von 1291 um ein Landb\u00fcndnis handelt und nicht um eine Gr\u00fcndungsurkunde (Verfassung) eines neuen Staates.<\/li><li>Der Bundesbrief wurde erste im 19. Jh. zum <span style=\"text-decoration: underline;\">dem <\/span>(einzigartigen) Bundesbrief hochstilisiert und erst 1936 erhielt er sogar ein eigenes Museum vgl. Bild im Buch S. 219. Erkl\u00e4ren Sie, weshalb dem Bundesbrief von 1291 wohl eine so einzigartige Bedeutung zugewiesen worden war. <\/li><\/ol>\n","protected":false},"excerpt":{"rendered":"<p>Die Landfriedensb\u00fcndnisse Im Hochmittelalter werden auf dem Gebiet der heutigen Schweiz St\u00e4dte wie Bern, Burgdorf usw. neu gegr\u00fcndet oder \u00e4ltere St\u00e4dte wie Z\u00fcrich oder Basel gewinnen an Macht und Einfluss. Die St\u00e4dte erreichen meist ihre Unabh\u00e4ngigkeit von Stadtgr\u00fcndern und werden sog. &#171;reichsunmittelbar&#171;, d.h. sie sind nur noch dem K\u00f6nig unterstellt und defacto unabh\u00e4ngig. Sie versuchen [&hellip;]<\/p>\n","protected":false},"author":1,"featured_media":0,"parent":32,"menu_order":0,"comment_status":"closed","ping_status":"closed","template":"page-templates\/sidebar-right-without-title.php","meta":{"pgc_sgb_lightbox_settings":"","footnotes":""},"class_list":["post-2106","page","type-page","status-publish","hentry"],"yoast_head":"<!-- This site is optimized with the Yoast SEO plugin v27.4 - https:\/\/yoast.com\/product\/yoast-seo-wordpress\/ -->\n<title>Urspr\u00fcnge der Alten Eidgenossenschaft - sad-hist.ch<\/title>\n<meta name=\"robots\" content=\"noindex, follow, max-snippet:-1, max-image-preview:large, max-video-preview:-1\" \/>\n<meta property=\"og:locale\" content=\"de_DE\" \/>\n<meta property=\"og:type\" content=\"article\" \/>\n<meta property=\"og:title\" content=\"Urspr\u00fcnge der Alten Eidgenossenschaft - sad-hist.ch\" \/>\n<meta property=\"og:description\" content=\"Die Landfriedensb\u00fcndnisse Im Hochmittelalter werden auf dem Gebiet der heutigen Schweiz St\u00e4dte wie Bern, Burgdorf usw. neu gegr\u00fcndet oder \u00e4ltere St\u00e4dte wie Z\u00fcrich oder Basel gewinnen an Macht und Einfluss. Die St\u00e4dte erreichen meist ihre Unabh\u00e4ngigkeit von Stadtgr\u00fcndern und werden sog. &#171;reichsunmittelbar&#171;, d.h. sie sind nur noch dem K\u00f6nig unterstellt und defacto unabh\u00e4ngig. Sie versuchen [&hellip;]\" \/>\n<meta property=\"og:url\" content=\"https:\/\/sad-hist.ch\/?page_id=2106\" \/>\n<meta property=\"og:site_name\" content=\"sad-hist.ch\" \/>\n<meta property=\"article:modified_time\" content=\"2026-02-24T17:03:47+00:00\" \/>\n<meta property=\"og:image\" content=\"https:\/\/sad-hist.ch\/wp-content\/uploads\/2022\/08\/1280px-Bundesbrief2.jpg\" \/>\n\t<meta property=\"og:image:width\" content=\"1280\" \/>\n\t<meta property=\"og:image:height\" content=\"836\" \/>\n\t<meta property=\"og:image:type\" content=\"image\/jpeg\" \/>\n<meta name=\"twitter:card\" content=\"summary_large_image\" \/>\n<meta name=\"twitter:label1\" content=\"Gesch\u00e4tzte Lesezeit\" \/>\n\t<meta name=\"twitter:data1\" content=\"2\u00a0Minuten\" \/>\n<script type=\"application\/ld+json\" class=\"yoast-schema-graph\">{\"@context\":\"https:\\\/\\\/schema.org\",\"@graph\":[{\"@type\":\"WebPage\",\"@id\":\"https:\\\/\\\/sad-hist.ch\\\/?page_id=2106\",\"url\":\"https:\\\/\\\/sad-hist.ch\\\/?page_id=2106\",\"name\":\"Urspr\u00fcnge der Alten Eidgenossenschaft - sad-hist.ch\",\"isPartOf\":{\"@id\":\"https:\\\/\\\/sad-hist.ch\\\/#website\"},\"primaryImageOfPage\":{\"@id\":\"https:\\\/\\\/sad-hist.ch\\\/?page_id=2106#primaryimage\"},\"image\":{\"@id\":\"https:\\\/\\\/sad-hist.ch\\\/?page_id=2106#primaryimage\"},\"thumbnailUrl\":\"https:\\\/\\\/sad-hist.ch\\\/wp-content\\\/uploads\\\/2022\\\/08\\\/1280px-Bundesbrief2-1024x669.jpg\",\"datePublished\":\"2022-08-29T13:20:48+00:00\",\"dateModified\":\"2026-02-24T17:03:47+00:00\",\"breadcrumb\":{\"@id\":\"https:\\\/\\\/sad-hist.ch\\\/?page_id=2106#breadcrumb\"},\"inLanguage\":\"de-CH\",\"potentialAction\":[{\"@type\":\"ReadAction\",\"target\":[\"https:\\\/\\\/sad-hist.ch\\\/?page_id=2106\"]}]},{\"@type\":\"ImageObject\",\"inLanguage\":\"de-CH\",\"@id\":\"https:\\\/\\\/sad-hist.ch\\\/?page_id=2106#primaryimage\",\"url\":\"https:\\\/\\\/sad-hist.ch\\\/wp-content\\\/uploads\\\/2022\\\/08\\\/1280px-Bundesbrief2.jpg\",\"contentUrl\":\"https:\\\/\\\/sad-hist.ch\\\/wp-content\\\/uploads\\\/2022\\\/08\\\/1280px-Bundesbrief2.jpg\",\"width\":1280,\"height\":836},{\"@type\":\"BreadcrumbList\",\"@id\":\"https:\\\/\\\/sad-hist.ch\\\/?page_id=2106#breadcrumb\",\"itemListElement\":[{\"@type\":\"ListItem\",\"position\":1,\"name\":\"Home\",\"item\":\"https:\\\/\\\/sad-hist.ch\\\/\"},{\"@type\":\"ListItem\",\"position\":2,\"name\":\"MITTELALTER\",\"item\":\"https:\\\/\\\/sad-hist.ch\\\/?page_id=32\"},{\"@type\":\"ListItem\",\"position\":3,\"name\":\"Urspr\u00fcnge der Alten Eidgenossenschaft\"}]},{\"@type\":\"WebSite\",\"@id\":\"https:\\\/\\\/sad-hist.ch\\\/#website\",\"url\":\"https:\\\/\\\/sad-hist.ch\\\/\",\"name\":\"sad-hist.ch\",\"description\":\"einfach Geschichte\",\"potentialAction\":[{\"@type\":\"SearchAction\",\"target\":{\"@type\":\"EntryPoint\",\"urlTemplate\":\"https:\\\/\\\/sad-hist.ch\\\/?s={search_term_string}\"},\"query-input\":{\"@type\":\"PropertyValueSpecification\",\"valueRequired\":true,\"valueName\":\"search_term_string\"}}],\"inLanguage\":\"de-CH\"}]}<\/script>\n<!-- \/ Yoast SEO plugin. -->","yoast_head_json":{"title":"Urspr\u00fcnge der Alten Eidgenossenschaft - sad-hist.ch","robots":{"index":"noindex","follow":"follow","max-snippet":"max-snippet:-1","max-image-preview":"max-image-preview:large","max-video-preview":"max-video-preview:-1"},"og_locale":"de_DE","og_type":"article","og_title":"Urspr\u00fcnge der Alten Eidgenossenschaft - sad-hist.ch","og_description":"Die Landfriedensb\u00fcndnisse Im Hochmittelalter werden auf dem Gebiet der heutigen Schweiz St\u00e4dte wie Bern, Burgdorf usw. neu gegr\u00fcndet oder \u00e4ltere St\u00e4dte wie Z\u00fcrich oder Basel gewinnen an Macht und Einfluss. Die St\u00e4dte erreichen meist ihre Unabh\u00e4ngigkeit von Stadtgr\u00fcndern und werden sog. &#171;reichsunmittelbar&#171;, d.h. sie sind nur noch dem K\u00f6nig unterstellt und defacto unabh\u00e4ngig. Sie versuchen [&hellip;]","og_url":"https:\/\/sad-hist.ch\/?page_id=2106","og_site_name":"sad-hist.ch","article_modified_time":"2026-02-24T17:03:47+00:00","og_image":[{"width":1280,"height":836,"url":"https:\/\/sad-hist.ch\/wp-content\/uploads\/2022\/08\/1280px-Bundesbrief2.jpg","type":"image\/jpeg"}],"twitter_card":"summary_large_image","twitter_misc":{"Gesch\u00e4tzte Lesezeit":"2\u00a0Minuten"},"schema":{"@context":"https:\/\/schema.org","@graph":[{"@type":"WebPage","@id":"https:\/\/sad-hist.ch\/?page_id=2106","url":"https:\/\/sad-hist.ch\/?page_id=2106","name":"Urspr\u00fcnge der Alten Eidgenossenschaft - sad-hist.ch","isPartOf":{"@id":"https:\/\/sad-hist.ch\/#website"},"primaryImageOfPage":{"@id":"https:\/\/sad-hist.ch\/?page_id=2106#primaryimage"},"image":{"@id":"https:\/\/sad-hist.ch\/?page_id=2106#primaryimage"},"thumbnailUrl":"https:\/\/sad-hist.ch\/wp-content\/uploads\/2022\/08\/1280px-Bundesbrief2-1024x669.jpg","datePublished":"2022-08-29T13:20:48+00:00","dateModified":"2026-02-24T17:03:47+00:00","breadcrumb":{"@id":"https:\/\/sad-hist.ch\/?page_id=2106#breadcrumb"},"inLanguage":"de-CH","potentialAction":[{"@type":"ReadAction","target":["https:\/\/sad-hist.ch\/?page_id=2106"]}]},{"@type":"ImageObject","inLanguage":"de-CH","@id":"https:\/\/sad-hist.ch\/?page_id=2106#primaryimage","url":"https:\/\/sad-hist.ch\/wp-content\/uploads\/2022\/08\/1280px-Bundesbrief2.jpg","contentUrl":"https:\/\/sad-hist.ch\/wp-content\/uploads\/2022\/08\/1280px-Bundesbrief2.jpg","width":1280,"height":836},{"@type":"BreadcrumbList","@id":"https:\/\/sad-hist.ch\/?page_id=2106#breadcrumb","itemListElement":[{"@type":"ListItem","position":1,"name":"Home","item":"https:\/\/sad-hist.ch\/"},{"@type":"ListItem","position":2,"name":"MITTELALTER","item":"https:\/\/sad-hist.ch\/?page_id=32"},{"@type":"ListItem","position":3,"name":"Urspr\u00fcnge der Alten Eidgenossenschaft"}]},{"@type":"WebSite","@id":"https:\/\/sad-hist.ch\/#website","url":"https:\/\/sad-hist.ch\/","name":"sad-hist.ch","description":"einfach Geschichte","potentialAction":[{"@type":"SearchAction","target":{"@type":"EntryPoint","urlTemplate":"https:\/\/sad-hist.ch\/?s={search_term_string}"},"query-input":{"@type":"PropertyValueSpecification","valueRequired":true,"valueName":"search_term_string"}}],"inLanguage":"de-CH"}]}},"_links":{"self":[{"href":"https:\/\/sad-hist.ch\/index.php?rest_route=\/wp\/v2\/pages\/2106","targetHints":{"allow":["GET"]}}],"collection":[{"href":"https:\/\/sad-hist.ch\/index.php?rest_route=\/wp\/v2\/pages"}],"about":[{"href":"https:\/\/sad-hist.ch\/index.php?rest_route=\/wp\/v2\/types\/page"}],"author":[{"embeddable":true,"href":"https:\/\/sad-hist.ch\/index.php?rest_route=\/wp\/v2\/users\/1"}],"replies":[{"embeddable":true,"href":"https:\/\/sad-hist.ch\/index.php?rest_route=%2Fwp%2Fv2%2Fcomments&post=2106"}],"version-history":[{"count":10,"href":"https:\/\/sad-hist.ch\/index.php?rest_route=\/wp\/v2\/pages\/2106\/revisions"}],"predecessor-version":[{"id":2124,"href":"https:\/\/sad-hist.ch\/index.php?rest_route=\/wp\/v2\/pages\/2106\/revisions\/2124"}],"up":[{"embeddable":true,"href":"https:\/\/sad-hist.ch\/index.php?rest_route=\/wp\/v2\/pages\/32"}],"wp:attachment":[{"href":"https:\/\/sad-hist.ch\/index.php?rest_route=%2Fwp%2Fv2%2Fmedia&parent=2106"}],"curies":[{"name":"wp","href":"https:\/\/api.w.org\/{rel}","templated":true}]}}