{"id":2179,"date":"2022-10-11T12:00:24","date_gmt":"2022-10-11T12:00:24","guid":{"rendered":"https:\/\/sad-hist.ch\/?page_id=2179"},"modified":"2022-10-11T12:14:35","modified_gmt":"2022-10-11T12:14:35","slug":"europarat","status":"publish","type":"page","link":"https:\/\/sad-hist.ch\/?page_id=2179","title":{"rendered":"Europarat, EGMR"},"content":{"rendered":"\n<h2 class=\"wp-block-heading\">Der Europarat<\/h2>\n\n\n\n<h2 class=\"wp-block-heading\">Die Europ\u00e4ische Menschenrechts-Konvention (EMRK)<\/h2>\n\n\n\n<h2 class=\"wp-block-heading\">Der Europ\u00e4ische Gerichtshof f\u00fcr Menschenrechte (EGMR)<\/h2>\n\n\n\n<h2 class=\"wp-block-heading\">Urteile des EGMR<\/h2>\n\n\n\n<h3 class=\"wp-block-heading\">Bettelverbot<\/h3>\n\n\n\n<figure class=\"wp-block-embed\"><div class=\"wp-block-embed__wrapper\">\nhttps:\/\/www.srf.ch\/play\/tv\/10-vor-10\/video\/was-das-urteil-des-egmr-fuer-das-bettelverbot-bedeutet?urn=urn:srf:video:01c259ae-1055-4796-8f7c-f4500d788068\n<\/div><\/figure>\n\n\n\n<p>Schwimmunterricht<\/p>\n\n\n\n<figure class=\"wp-block-embed\"><div class=\"wp-block-embed__wrapper\">\nhttps:\/\/www.srf.ch\/news\/schweiz\/das-urteil-staerkt-uns-den-ruecken\n<\/div><\/figure>\n\n\n\n<p>keine Ausweisung f\u00fcr Kosovare<\/p>\n\n\n\n<figure class=\"wp-block-embed\"><div class=\"wp-block-embed__wrapper\">\nhttps:\/\/www.srf.ch\/news\/international\/urteil-des-egmr-verurteilter-kosovare-wird-noch-nicht-ausgeschafft\n<\/div><\/figure>\n\n\n\n<p>Luzius Wildhaber<\/p>\n\n\n\n<figure class=\"wp-block-embed\"><div class=\"wp-block-embed__wrapper\">\nhttps:\/\/www.srf.ch\/audio\/echo-der-zeit\/egmr-richterin-keller-zum-tod-von-luzius-wildhaber?partId=11810830\n<\/div><\/figure>\n\n\n\n<p>Gleichstellungsurteil<\/p>\n\n\n\n<figure class=\"wp-block-embed\"><div class=\"wp-block-embed__wrapper\">\nhttps:\/\/www.srf.ch\/news\/schweiz\/witwerrente-egmr-urteil-zur-witwerrente-loest-vorsorge-debatte-aus\n<\/div><\/figure>\n\n\n\n<p>Afghane kann nicht zur\u00fcckgeschafft werden:<\/p>\n\n\n\n<figure class=\"wp-block-embed\"><div class=\"wp-block-embed__wrapper\">\nhttps:\/\/www.srf.ch\/news\/schweiz\/europaeischer-gerichtshof-bei-ausschaffung-schweiz-hat-menschenrechtskonvention-verletzt\n<\/div><\/figure>\n\n\n\n<p>F\u00e4lle, welche die CH betreffen<\/p>\n\n\n\n<ul class=\"wp-block-list\"><li><a href=\"https:\/\/www.humanrights.ch\/de\/ipf\/rechtsprechung-empfehlungen\/europ-gerichtshof-fuer-menschenrechte-egmr\/Liste-aller-Schweizer-Faelle\/\">https:\/\/www.humanrights.ch\/de\/ipf\/rechtsprechung-empfehlungen\/europ-gerichtshof-fuer-menschenrechte-egmr\/Liste-aller-Schweizer-Faelle\/<\/a><\/li><\/ul>\n\n\n\n<p>***********<\/p>\n\n\n\n<p>Unterschiede EU &lt;-&gt; Europarat<\/p>\n\n\n\n\n\n<p>&nbsp;<\/p>\n","protected":false},"excerpt":{"rendered":"<p>Der Europarat Die Europ\u00e4ische Menschenrechts-Konvention (EMRK) Der Europ\u00e4ische Gerichtshof f\u00fcr Menschenrechte (EGMR) Urteile des EGMR Bettelverbot Schwimmunterricht keine Ausweisung f\u00fcr Kosovare Luzius Wildhaber Gleichstellungsurteil Afghane kann nicht zur\u00fcckgeschafft werden: F\u00e4lle, welche die CH betreffen https:\/\/www.humanrights.ch\/de\/ipf\/rechtsprechung-empfehlungen\/europ-gerichtshof-fuer-menschenrechte-egmr\/Liste-aller-Schweizer-Faelle\/ *********** Unterschiede EU &lt;-&gt; Europarat &nbsp;<\/p>\n","protected":false},"author":1,"featured_media":0,"parent":405,"menu_order":0,"comment_status":"closed","ping_status":"closed","template":"","meta":{"pgc_sgb_lightbox_settings":"","footnotes":""},"class_list":["post-2179","page","type-page","status-publish","hentry"],"yoast_head":"<!-- This site is optimized with the Yoast SEO plugin v27.4 - https:\/\/yoast.com\/product\/yoast-seo-wordpress\/ -->\n<title>Europarat, EGMR - sad-hist.ch<\/title>\n<meta name=\"robots\" content=\"noindex, follow, max-snippet:-1, max-image-preview:large, max-video-preview:-1\" \/>\n<meta property=\"og:locale\" content=\"de_DE\" \/>\n<meta property=\"og:type\" content=\"article\" \/>\n<meta property=\"og:title\" content=\"Europarat, EGMR - sad-hist.ch\" \/>\n<meta property=\"og:description\" content=\"Der Europarat Die Europ\u00e4ische Menschenrechts-Konvention (EMRK) Der Europ\u00e4ische Gerichtshof f\u00fcr Menschenrechte (EGMR) Urteile des EGMR Bettelverbot Schwimmunterricht keine Ausweisung f\u00fcr Kosovare Luzius Wildhaber Gleichstellungsurteil Afghane kann nicht zur\u00fcckgeschafft werden: F\u00e4lle, welche die CH betreffen https:\/\/www.humanrights.ch\/de\/ipf\/rechtsprechung-empfehlungen\/europ-gerichtshof-fuer-menschenrechte-egmr\/Liste-aller-Schweizer-Faelle\/ *********** Unterschiede EU &lt;-&gt; Europarat &nbsp;\" \/>\n<meta property=\"og:url\" content=\"https:\/\/sad-hist.ch\/?page_id=2179\" \/>\n<meta property=\"og:site_name\" content=\"sad-hist.ch\" \/>\n<meta property=\"article:modified_time\" content=\"2022-10-11T12:14:35+00:00\" \/>\n<meta name=\"twitter:card\" content=\"summary_large_image\" \/>\n<meta name=\"twitter:label1\" content=\"Gesch\u00e4tzte Lesezeit\" \/>\n\t<meta name=\"twitter:data1\" content=\"1\u00a0Minute\" \/>\n<script type=\"application\/ld+json\" class=\"yoast-schema-graph\">{\"@context\":\"https:\\\/\\\/schema.org\",\"@graph\":[{\"@type\":\"WebPage\",\"@id\":\"https:\\\/\\\/sad-hist.ch\\\/?page_id=2179\",\"url\":\"https:\\\/\\\/sad-hist.ch\\\/?page_id=2179\",\"name\":\"Europarat, EGMR - sad-hist.ch\",\"isPartOf\":{\"@id\":\"https:\\\/\\\/sad-hist.ch\\\/#website\"},\"datePublished\":\"2022-10-11T12:00:24+00:00\",\"dateModified\":\"2022-10-11T12:14:35+00:00\",\"breadcrumb\":{\"@id\":\"https:\\\/\\\/sad-hist.ch\\\/?page_id=2179#breadcrumb\"},\"inLanguage\":\"de-CH\",\"potentialAction\":[{\"@type\":\"ReadAction\",\"target\":[\"https:\\\/\\\/sad-hist.ch\\\/?page_id=2179\"]}]},{\"@type\":\"BreadcrumbList\",\"@id\":\"https:\\\/\\\/sad-hist.ch\\\/?page_id=2179#breadcrumb\",\"itemListElement\":[{\"@type\":\"ListItem\",\"position\":1,\"name\":\"Home\",\"item\":\"https:\\\/\\\/sad-hist.ch\\\/\"},{\"@type\":\"ListItem\",\"position\":2,\"name\":\"POL. BILDUNG\",\"item\":\"https:\\\/\\\/sad-hist.ch\\\/?page_id=405\"},{\"@type\":\"ListItem\",\"position\":3,\"name\":\"Europarat, EGMR\"}]},{\"@type\":\"WebSite\",\"@id\":\"https:\\\/\\\/sad-hist.ch\\\/#website\",\"url\":\"https:\\\/\\\/sad-hist.ch\\\/\",\"name\":\"sad-hist.ch\",\"description\":\"einfach Geschichte\",\"potentialAction\":[{\"@type\":\"SearchAction\",\"target\":{\"@type\":\"EntryPoint\",\"urlTemplate\":\"https:\\\/\\\/sad-hist.ch\\\/?s={search_term_string}\"},\"query-input\":{\"@type\":\"PropertyValueSpecification\",\"valueRequired\":true,\"valueName\":\"search_term_string\"}}],\"inLanguage\":\"de-CH\"}]}<\/script>\n<!-- \/ Yoast SEO plugin. -->","yoast_head_json":{"title":"Europarat, EGMR - sad-hist.ch","robots":{"index":"noindex","follow":"follow","max-snippet":"max-snippet:-1","max-image-preview":"max-image-preview:large","max-video-preview":"max-video-preview:-1"},"og_locale":"de_DE","og_type":"article","og_title":"Europarat, EGMR - sad-hist.ch","og_description":"Der Europarat Die Europ\u00e4ische Menschenrechts-Konvention (EMRK) Der Europ\u00e4ische Gerichtshof f\u00fcr Menschenrechte (EGMR) Urteile des EGMR Bettelverbot Schwimmunterricht keine Ausweisung f\u00fcr Kosovare Luzius Wildhaber Gleichstellungsurteil Afghane kann nicht zur\u00fcckgeschafft werden: F\u00e4lle, welche die CH betreffen https:\/\/www.humanrights.ch\/de\/ipf\/rechtsprechung-empfehlungen\/europ-gerichtshof-fuer-menschenrechte-egmr\/Liste-aller-Schweizer-Faelle\/ *********** Unterschiede EU &lt;-&gt; Europarat &nbsp;","og_url":"https:\/\/sad-hist.ch\/?page_id=2179","og_site_name":"sad-hist.ch","article_modified_time":"2022-10-11T12:14:35+00:00","twitter_card":"summary_large_image","twitter_misc":{"Gesch\u00e4tzte Lesezeit":"1\u00a0Minute"},"schema":{"@context":"https:\/\/schema.org","@graph":[{"@type":"WebPage","@id":"https:\/\/sad-hist.ch\/?page_id=2179","url":"https:\/\/sad-hist.ch\/?page_id=2179","name":"Europarat, EGMR - sad-hist.ch","isPartOf":{"@id":"https:\/\/sad-hist.ch\/#website"},"datePublished":"2022-10-11T12:00:24+00:00","dateModified":"2022-10-11T12:14:35+00:00","breadcrumb":{"@id":"https:\/\/sad-hist.ch\/?page_id=2179#breadcrumb"},"inLanguage":"de-CH","potentialAction":[{"@type":"ReadAction","target":["https:\/\/sad-hist.ch\/?page_id=2179"]}]},{"@type":"BreadcrumbList","@id":"https:\/\/sad-hist.ch\/?page_id=2179#breadcrumb","itemListElement":[{"@type":"ListItem","position":1,"name":"Home","item":"https:\/\/sad-hist.ch\/"},{"@type":"ListItem","position":2,"name":"POL. BILDUNG","item":"https:\/\/sad-hist.ch\/?page_id=405"},{"@type":"ListItem","position":3,"name":"Europarat, EGMR"}]},{"@type":"WebSite","@id":"https:\/\/sad-hist.ch\/#website","url":"https:\/\/sad-hist.ch\/","name":"sad-hist.ch","description":"einfach Geschichte","potentialAction":[{"@type":"SearchAction","target":{"@type":"EntryPoint","urlTemplate":"https:\/\/sad-hist.ch\/?s={search_term_string}"},"query-input":{"@type":"PropertyValueSpecification","valueRequired":true,"valueName":"search_term_string"}}],"inLanguage":"de-CH"}]}},"_links":{"self":[{"href":"https:\/\/sad-hist.ch\/index.php?rest_route=\/wp\/v2\/pages\/2179","targetHints":{"allow":["GET"]}}],"collection":[{"href":"https:\/\/sad-hist.ch\/index.php?rest_route=\/wp\/v2\/pages"}],"about":[{"href":"https:\/\/sad-hist.ch\/index.php?rest_route=\/wp\/v2\/types\/page"}],"author":[{"embeddable":true,"href":"https:\/\/sad-hist.ch\/index.php?rest_route=\/wp\/v2\/users\/1"}],"replies":[{"embeddable":true,"href":"https:\/\/sad-hist.ch\/index.php?rest_route=%2Fwp%2Fv2%2Fcomments&post=2179"}],"version-history":[{"count":5,"href":"https:\/\/sad-hist.ch\/index.php?rest_route=\/wp\/v2\/pages\/2179\/revisions"}],"predecessor-version":[{"id":2190,"href":"https:\/\/sad-hist.ch\/index.php?rest_route=\/wp\/v2\/pages\/2179\/revisions\/2190"}],"up":[{"embeddable":true,"href":"https:\/\/sad-hist.ch\/index.php?rest_route=\/wp\/v2\/pages\/405"}],"wp:attachment":[{"href":"https:\/\/sad-hist.ch\/index.php?rest_route=%2Fwp%2Fv2%2Fmedia&parent=2179"}],"curies":[{"name":"wp","href":"https:\/\/api.w.org\/{rel}","templated":true}]}}