{"id":359,"date":"2020-08-03T16:05:25","date_gmt":"2020-08-03T16:05:25","guid":{"rendered":"https:\/\/sad-hist.ch\/?page_id=359"},"modified":"2024-07-28T09:36:22","modified_gmt":"2024-07-28T09:36:22","slug":"fragen-webdesign","status":"publish","type":"page","link":"https:\/\/sad-hist.ch\/?page_id=359","title":{"rendered":"Anforderungen an Webseite"},"content":{"rendered":"\n<h2 class=\"wp-block-heading\">Anforderungen<\/h2>\n\n\n\n<p>Webseite<\/p>\n\n\n\n<ul class=\"wp-block-list\">\n<li><strong>Header<\/strong>\n<ul class=\"wp-block-list\">\n<li>schwarzer Balken im Titel der Seite entfernen!!<\/li>\n\n\n\n<li>Breadcrumbs <\/li>\n<\/ul>\n<\/li>\n\n\n\n<li><strong>Menu<\/strong>\n<ul class=\"wp-block-list\">\n<li>saubere Struktur: Hauptseiten = Kapitel\/Themen<\/li>\n\n\n\n<li>automatische Aufnahme von <strong>Unterseiten <\/strong>ins Menu unter der richtigen Hauptseite\n<ul class=\"wp-block-list\">\n<li>https:\/\/websiteberater.com\/wordpress-menues-richtig-erstellen-und-bearbeiten\/#wie-richte-ich-das-automatische-wordpress-menue-richtig-ein<\/li>\n\n\n\n<li>https:\/\/www.oliverpfeil.de\/wordpress\/wordpress-menue-erstellen<\/li>\n\n\n\n<li><\/li>\n<\/ul>\n<\/li>\n<\/ul>\n<\/li>\n\n\n\n<li><strong>Seitenleiste <\/strong>(zur Zeit nicht mehr gew\u00fcnscht)\n<ul class=\"wp-block-list\">\n<li>Aufklappmenu in der Sidebar<\/li>\n\n\n\n<li><strong>Pfad<\/strong>-Angabe farblich markiert im Menu in der Seitenleiste links <\/li>\n<\/ul>\n<\/li>\n\n\n\n<li>automatische Nummerierung der \u00dcberschriften<\/li>\n\n\n\n<li><strong>Seiten<\/strong>\n<ul class=\"wp-block-list\">\n<li>Seitentitel: schwarzen Hintergrund und Titelfarbe \u00e4ndern, <\/li>\n\n\n\n<li>ansprechendes, treffendes Bild zum Thema<\/li>\n\n\n\n<li>Titel der Seite (=Thema) sollte auch beim Scrollen immer oben sichtbar bleiben <\/li>\n<\/ul>\n<\/li>\n<\/ul>\n\n\n\n<ul class=\"wp-block-list\">\n<li><strong>Footer<\/strong>\n<ul class=\"wp-block-list\">\n<li>neueste Artikel aller Kategorien<\/li>\n\n\n\n<li><\/li>\n<\/ul>\n<\/li>\n<\/ul>\n\n\n\n<ul class=\"wp-block-list\">\n<li><strong>Bilder(galerie)<\/strong>: Bildvergr\u00f6sserung auf Klick\n<ul class=\"wp-block-list\">\n<li>Bilder zuschneiden<\/li>\n\n\n\n<li><\/li>\n<\/ul>\n<\/li>\n\n\n\n<li><strong>pdfs<\/strong><\/li>\n\n\n\n<li>\n<ul class=\"wp-block-list\">\n<li>pdf-Symbol: button zum anklicken<\/li>\n\n\n\n<li><\/li>\n<\/ul>\n<\/li>\n\n\n\n<li><strong>\u00dcberschriften<\/strong>\n<ul class=\"wp-block-list\">\n<li><strong>automat. Nummerierung der<\/strong> \u00dcberschriften<\/li>\n\n\n\n<li><a href=\"https:\/\/www.perun.net\/2011\/12\/07\/css-automatische-nummerierung-von-ueberschriften\/\" target=\"_blank\" rel=\"noreferrer noopener\">vgl. perun.net<\/a> = Nummerierung beginnt leider noch mit Null anstatt mit Eins und auch mit einer Dezimalstelle zu wenig!!!<\/li>\n\n\n\n<li><a href=\"https:\/\/www.imarketinx.de\/artikel\/ueberschriften-in-html-texten-automatisch-nummerieren.html\" target=\"_blank\" rel=\"noreferrer noopener\">vgl. marketinx.de<\/a><\/li>\n\n\n\n<li>css einf\u00fcgen: unter &#171;customizer&#187;\n<ul class=\"wp-block-list\">\n<li>verschieden Farben\/Hintergrundkasten f\u00fcr \u00dcberschrift-Gr\u00f6ssen<\/li>\n\n\n\n<li><\/li>\n<\/ul>\n<\/li>\n<\/ul>\n<\/li>\n\n\n\n<li><strong>abgestimmtes Farbdesign: <\/strong>\n<ul class=\"wp-block-list\">\n<li>Titel, farbige Bl\u00f6cke usw.Auftr\u00e4ge, Infos, Lernziele, Leitfragen<\/li>\n\n\n\n<li>&#8230;.<\/li>\n<\/ul>\n<\/li>\n\n\n\n<li><strong>fremde Links immer<\/strong> in neuem Fenster \u00f6ffnen<\/li>\n\n\n\n<li><strong style=\"color: initial;\">Verzeichnis Unterseiten<\/strong><span style=\"color: initial;\"> auf Hauptseiten<\/span>\n<ul class=\"wp-block-list\">\n<li>https:\/\/roedisein.de\/wordpress-unterseiten-in-der-navigation-ein-und-ausblenden\/<\/li>\n\n\n\n<li><\/li>\n<\/ul>\n<\/li>\n\n\n\n<li><strong>Druckfunktion <\/strong>f\u00fcr SuS<\/li>\n\n\n\n<li><strong>Dateien<\/strong>\n<ul class=\"wp-block-list\">\n<li>Synchronisation mit Coud-Datei-Ordner<\/li>\n\n\n\n<li>gewisse Dateien nur f\u00fcr SuS einsehbar, wegen Copyright<\/li>\n\n\n\n<li>gewisse Dateien nur f\u00fcr Lehrer abrufbar (L\u00f6sungen)<\/li>\n<\/ul>\n<\/li>\n<\/ul>\n\n\n\n<p><\/p>\n\n\n\n<ul class=\"wp-block-list\">\n<li>I<strong>nteressante Beitr\u00e4ge <\/strong>zum Thema am Schluss der Seite: <em>&#171;you might also like&#187;<\/em><ul><li>Verkn\u00fcpfung von Posts \u00fcber Kategorien anstatt mit SchlagwortenVermerk von Kategorie (Thema) und Schlagwortenmehrspaltige Anzeige von &#171;Aktuelle Beitr\u00e4ge zum Thema&#187; im Anschluss an die Themen-Seiten; mit<strong> Bildern<\/strong>!<\/li><\/ul>\n<ul class=\"wp-block-list\">\n<li>vgl. Seite &#171;Schweiz im ZWK&#187; : &#171;aktuelle Beitr\u00e4ge zum Thema&#187;<\/li>\n\n\n\n<li>vgl. auch: https:\/\/www.developerdrive.com\/adding-a-you-might-also-like-overlay-to-another-wordpress-post-using-scroll-events\/<\/li>\n<\/ul>\n<\/li>\n<\/ul>\n\n\n\n<figure class=\"wp-block-image size-large is-resized is-style-rounded\"><img loading=\"lazy\" decoding=\"async\" width=\"1000\" height=\"198\" src=\"https:\/\/sad-hist.ch\/wp-content\/uploads\/2022\/07\/schlagwoerter-edited-e1658134559845-edited.png\" alt=\"\" class=\"wp-image-1232\" style=\"width:413px;height:82px\" srcset=\"https:\/\/sad-hist.ch\/wp-content\/uploads\/2022\/07\/schlagwoerter-edited-e1658134559845-edited.png 1000w, https:\/\/sad-hist.ch\/wp-content\/uploads\/2022\/07\/schlagwoerter-edited-e1658134559845-edited-300x59.png 300w, https:\/\/sad-hist.ch\/wp-content\/uploads\/2022\/07\/schlagwoerter-edited-e1658134559845-edited-768x152.png 768w\" sizes=\"auto, (max-width: 1000px) 100vw, 1000px\" \/><\/figure>\n\n\n\n<p>Beispiele: &#171;you might also like&#187;<\/p>\n\n\n\n<figure class=\"wp-block-image size-large is-resized is-style-rounded\"><img loading=\"lazy\" decoding=\"async\" width=\"1024\" height=\"774\" src=\"https:\/\/sad-hist.ch\/wp-content\/uploads\/2021\/01\/image-1024x774.png\" alt=\"\" class=\"wp-image-612\" style=\"width:384px;height:290px\" srcset=\"https:\/\/sad-hist.ch\/wp-content\/uploads\/2021\/01\/image-1024x774.png 1024w, https:\/\/sad-hist.ch\/wp-content\/uploads\/2021\/01\/image-300x227.png 300w, https:\/\/sad-hist.ch\/wp-content\/uploads\/2021\/01\/image-768x581.png 768w, https:\/\/sad-hist.ch\/wp-content\/uploads\/2021\/01\/image.png 1058w\" sizes=\"auto, (max-width: 1024px) 100vw, 1024px\" \/><\/figure>\n\n\n<div class=\"wp-block-image is-style-rounded\">\n<figure class=\"alignleft size-large is-resized\"><img loading=\"lazy\" decoding=\"async\" width=\"1024\" height=\"515\" src=\"https:\/\/sad-hist.ch\/wp-content\/uploads\/2020\/08\/image-1024x515.png\" alt=\"\" class=\"wp-image-439\" style=\"width:440px;height:221px\" srcset=\"https:\/\/sad-hist.ch\/wp-content\/uploads\/2020\/08\/image-1024x515.png 1024w, https:\/\/sad-hist.ch\/wp-content\/uploads\/2020\/08\/image-300x151.png 300w, https:\/\/sad-hist.ch\/wp-content\/uploads\/2020\/08\/image-768x386.png 768w, https:\/\/sad-hist.ch\/wp-content\/uploads\/2020\/08\/image-1536x772.png 1536w, https:\/\/sad-hist.ch\/wp-content\/uploads\/2020\/08\/image-1200x603.png 1200w, https:\/\/sad-hist.ch\/wp-content\/uploads\/2020\/08\/image.png 1635w\" sizes=\"auto, (max-width: 1024px) 100vw, 1024px\" \/><\/figure>\n<\/div>\n\n\n<p><a href=\"https:\/\/www.swissinfo.ch\/ger\/die-buchenwaldkinder---eine-vergessene-geschichte\/28660008\" target=\"_blank\" rel=\"noreferrer noopener\">https:\/\/www.swissinfo.ch\/ger\/die-buchenwaldkinder&#8212;eine-vergessene-geschichte\/28660008<\/a><\/p>\n\n\n\n<ul class=\"wp-block-list\">\n<li><strong>Begriffe <\/strong>am Ende eines Themas \/ Glossar<\/li>\n\n\n\n<li>eventuell: Repetitions-\/Pr\u00fcfungsfragen (ev. auch nicht, da sonst gen\u00fcgend Fragen\/Auftr\u00e4ge)<\/li>\n<\/ul>\n\n\n\n<h2 class=\"wp-block-heading\">todo&#8217;s<\/h2>\n\n\n\n<div class=\"wp-block-columns is-layout-flex wp-container-core-columns-is-layout-9d6595d7 wp-block-columns-is-layout-flex\">\n<div class=\"wp-block-column is-layout-flow wp-block-column-is-layout-flow\" style=\"flex-basis:100%\"><\/div>\n<\/div>\n\n\n\n<ul class=\"wp-block-list\">\n<li>Impressum<\/li>\n\n\n\n<li><\/li>\n<\/ul>\n\n\n\n<p><\/p>\n","protected":false},"excerpt":{"rendered":"<p>Anforderungen Webseite Beispiele: &#171;you might also like&#187; https:\/\/www.swissinfo.ch\/ger\/die-buchenwaldkinder&#8212;eine-vergessene-geschichte\/28660008 todo&#8217;s<\/p>\n","protected":false},"author":1,"featured_media":0,"parent":314,"menu_order":0,"comment_status":"closed","ping_status":"closed","template":"","meta":{"pgc_sgb_lightbox_settings":"","footnotes":""},"class_list":["post-359","page","type-page","status-publish","hentry"],"yoast_head":"<!-- This site is optimized with the Yoast SEO plugin v27.4 - https:\/\/yoast.com\/product\/yoast-seo-wordpress\/ -->\n<title>Anforderungen an Webseite - sad-hist.ch<\/title>\n<meta name=\"robots\" content=\"noindex, follow, max-snippet:-1, max-image-preview:large, max-video-preview:-1\" \/>\n<meta property=\"og:locale\" content=\"de_DE\" \/>\n<meta property=\"og:type\" content=\"article\" \/>\n<meta property=\"og:title\" content=\"Anforderungen an Webseite - sad-hist.ch\" \/>\n<meta property=\"og:description\" content=\"Anforderungen Webseite Beispiele: &#171;you might also like&#187; https:\/\/www.swissinfo.ch\/ger\/die-buchenwaldkinder&#8212;eine-vergessene-geschichte\/28660008 todo&#8217;s\" \/>\n<meta property=\"og:url\" content=\"https:\/\/sad-hist.ch\/?page_id=359\" \/>\n<meta property=\"og:site_name\" content=\"sad-hist.ch\" \/>\n<meta property=\"article:modified_time\" content=\"2024-07-28T09:36:22+00:00\" \/>\n<meta property=\"og:image\" content=\"https:\/\/sad-hist.ch\/wp-content\/uploads\/2022\/07\/schlagwoerter-edited-e1658134559845-edited.png\" \/>\n<meta name=\"twitter:card\" content=\"summary_large_image\" \/>\n<meta name=\"twitter:label1\" content=\"Gesch\u00e4tzte Lesezeit\" \/>\n\t<meta name=\"twitter:data1\" content=\"2\u00a0Minuten\" \/>\n<script type=\"application\/ld+json\" class=\"yoast-schema-graph\">{\"@context\":\"https:\\\/\\\/schema.org\",\"@graph\":[{\"@type\":\"WebPage\",\"@id\":\"https:\\\/\\\/sad-hist.ch\\\/?page_id=359\",\"url\":\"https:\\\/\\\/sad-hist.ch\\\/?page_id=359\",\"name\":\"Anforderungen an Webseite - sad-hist.ch\",\"isPartOf\":{\"@id\":\"https:\\\/\\\/sad-hist.ch\\\/#website\"},\"primaryImageOfPage\":{\"@id\":\"https:\\\/\\\/sad-hist.ch\\\/?page_id=359#primaryimage\"},\"image\":{\"@id\":\"https:\\\/\\\/sad-hist.ch\\\/?page_id=359#primaryimage\"},\"thumbnailUrl\":\"https:\\\/\\\/sad-hist.ch\\\/wp-content\\\/uploads\\\/2022\\\/07\\\/schlagwoerter-edited-e1658134559845-edited.png\",\"datePublished\":\"2020-08-03T16:05:25+00:00\",\"dateModified\":\"2024-07-28T09:36:22+00:00\",\"breadcrumb\":{\"@id\":\"https:\\\/\\\/sad-hist.ch\\\/?page_id=359#breadcrumb\"},\"inLanguage\":\"de-CH\",\"potentialAction\":[{\"@type\":\"ReadAction\",\"target\":[\"https:\\\/\\\/sad-hist.ch\\\/?page_id=359\"]}]},{\"@type\":\"ImageObject\",\"inLanguage\":\"de-CH\",\"@id\":\"https:\\\/\\\/sad-hist.ch\\\/?page_id=359#primaryimage\",\"url\":\"https:\\\/\\\/sad-hist.ch\\\/wp-content\\\/uploads\\\/2022\\\/07\\\/schlagwoerter-edited-e1658134559845-edited.png\",\"contentUrl\":\"https:\\\/\\\/sad-hist.ch\\\/wp-content\\\/uploads\\\/2022\\\/07\\\/schlagwoerter-edited-e1658134559845-edited.png\",\"width\":1000,\"height\":198},{\"@type\":\"BreadcrumbList\",\"@id\":\"https:\\\/\\\/sad-hist.ch\\\/?page_id=359#breadcrumb\",\"itemListElement\":[{\"@type\":\"ListItem\",\"position\":1,\"name\":\"Home\",\"item\":\"https:\\\/\\\/sad-hist.ch\\\/\"},{\"@type\":\"ListItem\",\"position\":2,\"name\":\"VARIA\",\"item\":\"https:\\\/\\\/sad-hist.ch\\\/?page_id=314\"},{\"@type\":\"ListItem\",\"position\":3,\"name\":\"Anforderungen an Webseite\"}]},{\"@type\":\"WebSite\",\"@id\":\"https:\\\/\\\/sad-hist.ch\\\/#website\",\"url\":\"https:\\\/\\\/sad-hist.ch\\\/\",\"name\":\"sad-hist.ch\",\"description\":\"einfach Geschichte\",\"potentialAction\":[{\"@type\":\"SearchAction\",\"target\":{\"@type\":\"EntryPoint\",\"urlTemplate\":\"https:\\\/\\\/sad-hist.ch\\\/?s={search_term_string}\"},\"query-input\":{\"@type\":\"PropertyValueSpecification\",\"valueRequired\":true,\"valueName\":\"search_term_string\"}}],\"inLanguage\":\"de-CH\"}]}<\/script>\n<!-- \/ Yoast SEO plugin. -->","yoast_head_json":{"title":"Anforderungen an Webseite - sad-hist.ch","robots":{"index":"noindex","follow":"follow","max-snippet":"max-snippet:-1","max-image-preview":"max-image-preview:large","max-video-preview":"max-video-preview:-1"},"og_locale":"de_DE","og_type":"article","og_title":"Anforderungen an Webseite - sad-hist.ch","og_description":"Anforderungen Webseite Beispiele: &#171;you might also like&#187; https:\/\/www.swissinfo.ch\/ger\/die-buchenwaldkinder&#8212;eine-vergessene-geschichte\/28660008 todo&#8217;s","og_url":"https:\/\/sad-hist.ch\/?page_id=359","og_site_name":"sad-hist.ch","article_modified_time":"2024-07-28T09:36:22+00:00","og_image":[{"url":"https:\/\/sad-hist.ch\/wp-content\/uploads\/2022\/07\/schlagwoerter-edited-e1658134559845-edited.png","type":"","width":"","height":""}],"twitter_card":"summary_large_image","twitter_misc":{"Gesch\u00e4tzte Lesezeit":"2\u00a0Minuten"},"schema":{"@context":"https:\/\/schema.org","@graph":[{"@type":"WebPage","@id":"https:\/\/sad-hist.ch\/?page_id=359","url":"https:\/\/sad-hist.ch\/?page_id=359","name":"Anforderungen an Webseite - sad-hist.ch","isPartOf":{"@id":"https:\/\/sad-hist.ch\/#website"},"primaryImageOfPage":{"@id":"https:\/\/sad-hist.ch\/?page_id=359#primaryimage"},"image":{"@id":"https:\/\/sad-hist.ch\/?page_id=359#primaryimage"},"thumbnailUrl":"https:\/\/sad-hist.ch\/wp-content\/uploads\/2022\/07\/schlagwoerter-edited-e1658134559845-edited.png","datePublished":"2020-08-03T16:05:25+00:00","dateModified":"2024-07-28T09:36:22+00:00","breadcrumb":{"@id":"https:\/\/sad-hist.ch\/?page_id=359#breadcrumb"},"inLanguage":"de-CH","potentialAction":[{"@type":"ReadAction","target":["https:\/\/sad-hist.ch\/?page_id=359"]}]},{"@type":"ImageObject","inLanguage":"de-CH","@id":"https:\/\/sad-hist.ch\/?page_id=359#primaryimage","url":"https:\/\/sad-hist.ch\/wp-content\/uploads\/2022\/07\/schlagwoerter-edited-e1658134559845-edited.png","contentUrl":"https:\/\/sad-hist.ch\/wp-content\/uploads\/2022\/07\/schlagwoerter-edited-e1658134559845-edited.png","width":1000,"height":198},{"@type":"BreadcrumbList","@id":"https:\/\/sad-hist.ch\/?page_id=359#breadcrumb","itemListElement":[{"@type":"ListItem","position":1,"name":"Home","item":"https:\/\/sad-hist.ch\/"},{"@type":"ListItem","position":2,"name":"VARIA","item":"https:\/\/sad-hist.ch\/?page_id=314"},{"@type":"ListItem","position":3,"name":"Anforderungen an Webseite"}]},{"@type":"WebSite","@id":"https:\/\/sad-hist.ch\/#website","url":"https:\/\/sad-hist.ch\/","name":"sad-hist.ch","description":"einfach Geschichte","potentialAction":[{"@type":"SearchAction","target":{"@type":"EntryPoint","urlTemplate":"https:\/\/sad-hist.ch\/?s={search_term_string}"},"query-input":{"@type":"PropertyValueSpecification","valueRequired":true,"valueName":"search_term_string"}}],"inLanguage":"de-CH"}]}},"_links":{"self":[{"href":"https:\/\/sad-hist.ch\/index.php?rest_route=\/wp\/v2\/pages\/359","targetHints":{"allow":["GET"]}}],"collection":[{"href":"https:\/\/sad-hist.ch\/index.php?rest_route=\/wp\/v2\/pages"}],"about":[{"href":"https:\/\/sad-hist.ch\/index.php?rest_route=\/wp\/v2\/types\/page"}],"author":[{"embeddable":true,"href":"https:\/\/sad-hist.ch\/index.php?rest_route=\/wp\/v2\/users\/1"}],"replies":[{"embeddable":true,"href":"https:\/\/sad-hist.ch\/index.php?rest_route=%2Fwp%2Fv2%2Fcomments&post=359"}],"version-history":[{"count":68,"href":"https:\/\/sad-hist.ch\/index.php?rest_route=\/wp\/v2\/pages\/359\/revisions"}],"predecessor-version":[{"id":2247,"href":"https:\/\/sad-hist.ch\/index.php?rest_route=\/wp\/v2\/pages\/359\/revisions\/2247"}],"up":[{"embeddable":true,"href":"https:\/\/sad-hist.ch\/index.php?rest_route=\/wp\/v2\/pages\/314"}],"wp:attachment":[{"href":"https:\/\/sad-hist.ch\/index.php?rest_route=%2Fwp%2Fv2%2Fmedia&parent=359"}],"curies":[{"name":"wp","href":"https:\/\/api.w.org\/{rel}","templated":true}]}}