{"id":474,"date":"2020-08-06T21:12:50","date_gmt":"2020-08-06T21:12:50","guid":{"rendered":"https:\/\/sad-hist.ch\/?page_id=474"},"modified":"2026-02-24T16:24:15","modified_gmt":"2026-02-24T16:24:15","slug":"das-kaiserreich-china","status":"publish","type":"page","link":"https:\/\/sad-hist.ch\/?page_id=474","title":{"rendered":"CHINA"},"content":{"rendered":"\n<hr class=\"wp-block-separator has-text-color has-bright-red-color has-css-opacity has-bright-red-background-color has-background is-style-wide\"\/>\n\n\n\n<h2 class=\"wp-block-heading\">Das Altertum 16. Jh. v. Chr. &#8211; 222 v. Chr.<\/h2>\n\n\n\n<h2 class=\"wp-block-heading\">Die Kaiserzeit 221 v. Chr. &#8211; 1911 n. Chr.<\/h2>\n\n\n\n<h3 class=\"wp-block-heading\">Die Gr\u00fcndung des Kaiserreichs China<\/h3>\n\n\n\n<p>Das Kaiserreich China wurde 221 vor Christus von Kaiser Qin Shihuangdi gegr\u00fcndet &#8211; nach jahrelangen K\u00e4mpfen mit rivalisierenden Reichen. Mit dem Sieg von Qin Shihuangdi war der Weg f\u00fcr die Herrschaft der Qin-Dynastie und zur Gr\u00fcndung eines geeinten Gro\u00dfreichs endlich frei.<\/p>\n\n\n\n<p><a href=\"https:\/\/www.ardaudiothek.de\/suche\/kaiserreich%20china\/\" target=\"_blank\" rel=\"noreferrer noopener\">https:\/\/www.ardaudiothek.de\/suche\/kaiserreich%20china\/<\/a><\/p>\n\n\n\n<h2 class=\"wp-block-heading\">Moderne 1912 &#8211; heute<\/h2>\n\n\n\n<h3 class=\"wp-block-heading\">SWR-2 Wissen<br>Weltmacht China &#8211; vom Kaiserreich zum Global Player | Doku<\/h3>\n\n\n\n<p>China ist l\u00e4ngst zum &#171;Global Player&#187; geworden. Dabei stellt sich die Frage, ob die moderne Einflusspolitik Chinas nicht auch historischen Mustern folgt. Von Dagmar Lorenz<\/p>\n\n\n\n<p><a href=\"https:\/\/audiothek.ardmediathek.de\/items\/56957760\">https:\/\/audiothek.ardmediathek.de\/items\/56957760<\/a><\/p>\n\n\n\n<h2 class=\"wp-block-heading\">Zus\u00e4tzliche Materialien<\/h2>\n","protected":false},"excerpt":{"rendered":"<p>Das Altertum 16. Jh. v. Chr. &#8211; 222 v. Chr. Die Kaiserzeit 221 v. Chr. &#8211; 1911 n. Chr. Die Gr\u00fcndung des Kaiserreichs China Das Kaiserreich China wurde 221 vor Christus von Kaiser Qin Shihuangdi gegr\u00fcndet &#8211; nach jahrelangen K\u00e4mpfen mit rivalisierenden Reichen. Mit dem Sieg von Qin Shihuangdi war der Weg f\u00fcr die Herrschaft [&hellip;]<\/p>\n","protected":false},"author":1,"featured_media":0,"parent":468,"menu_order":0,"comment_status":"closed","ping_status":"closed","template":"page-templates\/sidebar-right.php","meta":{"pgc_sgb_lightbox_settings":"","footnotes":""},"class_list":["post-474","page","type-page","status-publish","hentry"],"yoast_head":"<!-- This site is optimized with the Yoast SEO plugin v27.4 - https:\/\/yoast.com\/product\/yoast-seo-wordpress\/ -->\n<title>CHINA - sad-hist.ch<\/title>\n<meta name=\"robots\" content=\"noindex, follow, max-snippet:-1, max-image-preview:large, max-video-preview:-1\" \/>\n<meta property=\"og:locale\" content=\"de_DE\" \/>\n<meta property=\"og:type\" content=\"article\" \/>\n<meta property=\"og:title\" content=\"CHINA - sad-hist.ch\" \/>\n<meta property=\"og:description\" content=\"Das Altertum 16. Jh. v. Chr. &#8211; 222 v. Chr. Die Kaiserzeit 221 v. Chr. &#8211; 1911 n. Chr. Die Gr\u00fcndung des Kaiserreichs China Das Kaiserreich China wurde 221 vor Christus von Kaiser Qin Shihuangdi gegr\u00fcndet &#8211; nach jahrelangen K\u00e4mpfen mit rivalisierenden Reichen. Mit dem Sieg von Qin Shihuangdi war der Weg f\u00fcr die Herrschaft [&hellip;]\" \/>\n<meta property=\"og:url\" content=\"https:\/\/sad-hist.ch\/?page_id=474\" \/>\n<meta property=\"og:site_name\" content=\"sad-hist.ch\" \/>\n<meta property=\"article:modified_time\" content=\"2026-02-24T16:24:15+00:00\" \/>\n<meta name=\"twitter:card\" content=\"summary_large_image\" \/>\n<meta name=\"twitter:label1\" content=\"Gesch\u00e4tzte Lesezeit\" \/>\n\t<meta name=\"twitter:data1\" content=\"1\u00a0Minute\" \/>\n<script type=\"application\/ld+json\" class=\"yoast-schema-graph\">{\"@context\":\"https:\\\/\\\/schema.org\",\"@graph\":[{\"@type\":\"WebPage\",\"@id\":\"https:\\\/\\\/sad-hist.ch\\\/?page_id=474\",\"url\":\"https:\\\/\\\/sad-hist.ch\\\/?page_id=474\",\"name\":\"CHINA - sad-hist.ch\",\"isPartOf\":{\"@id\":\"https:\\\/\\\/sad-hist.ch\\\/#website\"},\"datePublished\":\"2020-08-06T21:12:50+00:00\",\"dateModified\":\"2026-02-24T16:24:15+00:00\",\"breadcrumb\":{\"@id\":\"https:\\\/\\\/sad-hist.ch\\\/?page_id=474#breadcrumb\"},\"inLanguage\":\"de-CH\",\"potentialAction\":[{\"@type\":\"ReadAction\",\"target\":[\"https:\\\/\\\/sad-hist.ch\\\/?page_id=474\"]}]},{\"@type\":\"BreadcrumbList\",\"@id\":\"https:\\\/\\\/sad-hist.ch\\\/?page_id=474#breadcrumb\",\"itemListElement\":[{\"@type\":\"ListItem\",\"position\":1,\"name\":\"Home\",\"item\":\"https:\\\/\\\/sad-hist.ch\\\/\"},{\"@type\":\"ListItem\",\"position\":2,\"name\":\"AUSSEREUROP. G.\",\"item\":\"https:\\\/\\\/sad-hist.ch\\\/?page_id=468\"},{\"@type\":\"ListItem\",\"position\":3,\"name\":\"CHINA\"}]},{\"@type\":\"WebSite\",\"@id\":\"https:\\\/\\\/sad-hist.ch\\\/#website\",\"url\":\"https:\\\/\\\/sad-hist.ch\\\/\",\"name\":\"sad-hist.ch\",\"description\":\"einfach Geschichte\",\"potentialAction\":[{\"@type\":\"SearchAction\",\"target\":{\"@type\":\"EntryPoint\",\"urlTemplate\":\"https:\\\/\\\/sad-hist.ch\\\/?s={search_term_string}\"},\"query-input\":{\"@type\":\"PropertyValueSpecification\",\"valueRequired\":true,\"valueName\":\"search_term_string\"}}],\"inLanguage\":\"de-CH\"}]}<\/script>\n<!-- \/ Yoast SEO plugin. -->","yoast_head_json":{"title":"CHINA - sad-hist.ch","robots":{"index":"noindex","follow":"follow","max-snippet":"max-snippet:-1","max-image-preview":"max-image-preview:large","max-video-preview":"max-video-preview:-1"},"og_locale":"de_DE","og_type":"article","og_title":"CHINA - sad-hist.ch","og_description":"Das Altertum 16. Jh. v. Chr. &#8211; 222 v. Chr. Die Kaiserzeit 221 v. Chr. &#8211; 1911 n. Chr. Die Gr\u00fcndung des Kaiserreichs China Das Kaiserreich China wurde 221 vor Christus von Kaiser Qin Shihuangdi gegr\u00fcndet &#8211; nach jahrelangen K\u00e4mpfen mit rivalisierenden Reichen. Mit dem Sieg von Qin Shihuangdi war der Weg f\u00fcr die Herrschaft [&hellip;]","og_url":"https:\/\/sad-hist.ch\/?page_id=474","og_site_name":"sad-hist.ch","article_modified_time":"2026-02-24T16:24:15+00:00","twitter_card":"summary_large_image","twitter_misc":{"Gesch\u00e4tzte Lesezeit":"1\u00a0Minute"},"schema":{"@context":"https:\/\/schema.org","@graph":[{"@type":"WebPage","@id":"https:\/\/sad-hist.ch\/?page_id=474","url":"https:\/\/sad-hist.ch\/?page_id=474","name":"CHINA - sad-hist.ch","isPartOf":{"@id":"https:\/\/sad-hist.ch\/#website"},"datePublished":"2020-08-06T21:12:50+00:00","dateModified":"2026-02-24T16:24:15+00:00","breadcrumb":{"@id":"https:\/\/sad-hist.ch\/?page_id=474#breadcrumb"},"inLanguage":"de-CH","potentialAction":[{"@type":"ReadAction","target":["https:\/\/sad-hist.ch\/?page_id=474"]}]},{"@type":"BreadcrumbList","@id":"https:\/\/sad-hist.ch\/?page_id=474#breadcrumb","itemListElement":[{"@type":"ListItem","position":1,"name":"Home","item":"https:\/\/sad-hist.ch\/"},{"@type":"ListItem","position":2,"name":"AUSSEREUROP. G.","item":"https:\/\/sad-hist.ch\/?page_id=468"},{"@type":"ListItem","position":3,"name":"CHINA"}]},{"@type":"WebSite","@id":"https:\/\/sad-hist.ch\/#website","url":"https:\/\/sad-hist.ch\/","name":"sad-hist.ch","description":"einfach Geschichte","potentialAction":[{"@type":"SearchAction","target":{"@type":"EntryPoint","urlTemplate":"https:\/\/sad-hist.ch\/?s={search_term_string}"},"query-input":{"@type":"PropertyValueSpecification","valueRequired":true,"valueName":"search_term_string"}}],"inLanguage":"de-CH"}]}},"_links":{"self":[{"href":"https:\/\/sad-hist.ch\/index.php?rest_route=\/wp\/v2\/pages\/474","targetHints":{"allow":["GET"]}}],"collection":[{"href":"https:\/\/sad-hist.ch\/index.php?rest_route=\/wp\/v2\/pages"}],"about":[{"href":"https:\/\/sad-hist.ch\/index.php?rest_route=\/wp\/v2\/types\/page"}],"author":[{"embeddable":true,"href":"https:\/\/sad-hist.ch\/index.php?rest_route=\/wp\/v2\/users\/1"}],"replies":[{"embeddable":true,"href":"https:\/\/sad-hist.ch\/index.php?rest_route=%2Fwp%2Fv2%2Fcomments&post=474"}],"version-history":[{"count":14,"href":"https:\/\/sad-hist.ch\/index.php?rest_route=\/wp\/v2\/pages\/474\/revisions"}],"predecessor-version":[{"id":2192,"href":"https:\/\/sad-hist.ch\/index.php?rest_route=\/wp\/v2\/pages\/474\/revisions\/2192"}],"up":[{"embeddable":true,"href":"https:\/\/sad-hist.ch\/index.php?rest_route=\/wp\/v2\/pages\/468"}],"wp:attachment":[{"href":"https:\/\/sad-hist.ch\/index.php?rest_route=%2Fwp%2Fv2%2Fmedia&parent=474"}],"curies":[{"name":"wp","href":"https:\/\/api.w.org\/{rel}","templated":true}]}}